{"id":425,"date":"2020-11-02T11:39:29","date_gmt":"2020-11-02T10:39:29","guid":{"rendered":"https:\/\/asv-eggerode.de\/?page_id=425"},"modified":"2020-12-01T19:47:17","modified_gmt":"2020-12-01T18:47:17","slug":"austrittserklaerung","status":"publish","type":"page","link":"https:\/\/asv-eggerode.de\/?page_id=425","title":{"rendered":"Austrittserkl\u00e4rung"},"content":{"rendered":"<form  class=\"kaliforms-form-container bootstrap-wrapper  \" id=\"form-422\" data-form-id=\"422\" style=\"opacity:0\"><h3>Austrittserkl\u00e4rung<\/h3><div id=\"kaliforms-global-error-message-422\" class=\"global-error-message\"><\/div><div class=\"row kali-form-field-row\"><div class=\"col-12 col-md-12 \"><span  data-internal-id=\"freetext22\" type=\"freeText\" id=\"freeText22\" name=\"Berscheibung\">Bitte senden Sie uns die Austrittserkl\u00e4rung und Ihren Sportfischer-Pass unterschrieben zu.<\/span><\/div><\/div><div class=\"row kali-form-field-row\"><div class=\"col-12 col-md-6 \"><label  for=\"firstName\">Vorname: <span class=\"kali-required-mark\">*<\/span><\/label><input  data-internal-id=\"textbox3\" type=\"text\" id=\"firstName\" name=\"firstName\" data-properties.type=\"text\" required ><\/div><div class=\"col-12 col-md-6 \"><label  for=\"name\">Name: <span class=\"kali-required-mark\">*<\/span><\/label><input  data-internal-id=\"textbox1\" type=\"text\" id=\"name\" name=\"name\" data-properties.type=\"text\" required ><\/div><\/div><div class=\"row kali-form-field-row\"><div class=\"col-12 col-md-12 \"><label  for=\"street\">Strau\u00dfe: <span class=\"kali-required-mark\">*<\/span><\/label><input  data-internal-id=\"textbox7\" type=\"text\" id=\"street\" name=\"street\" data-properties.type=\"text\"  placeholder=\"Strau\u00dfe, Hausnummer\"required ><\/div><\/div><div class=\"row kali-form-field-row\"><div class=\"col-12 col-md-3 \"><label  for=\"plz\">PLZ: <span class=\"kali-required-mark\">*<\/span><\/label><input  data-internal-id=\"textbox11\" type=\"number\" id=\"plz\" name=\"plz\" data-properties.type=\"number\" required ><\/div><div class=\"col-12 col-md-9 \"><label  for=\"town\">Ort: <span class=\"kali-required-mark\">*<\/span><\/label><input  data-internal-id=\"textbox9\" type=\"text\" id=\"town\" name=\"town\" data-properties.type=\"text\" required ><\/div><\/div><div class=\"row kali-form-field-row\"><div class=\"col-12 col-md-12 \"><label  for=\"sportfischerPass\">Mitgliedsnummer Sportfischer-Pass: <span class=\"kali-required-mark\">*<\/span><\/label><input  data-internal-id=\"textbox13\" type=\"text\" id=\"sportfischerPass\" name=\"sportfischerPass\" data-properties.type=\"text\" required ><\/div><\/div><div class=\"row kali-form-field-row\"><div class=\"col-12 col-md-12 \"><span  data-internal-id=\"freetext15\" type=\"freeText\" id=\"freeText15\" name=\"freeText\">An den 1. Vorsitzender des A.S.V. Eggerode e. V.<\/span><\/div><\/div><div class=\"row kali-form-field-row\"><div class=\"col-12 col-md-5 \"><span  data-internal-id=\"freetext16\" type=\"freeText\" id=\"freeText16\" name=\"freeText\">Hiermit erkl\u00e4re ich meinen Austritt aus <\/br>\ndem Angelsportverein Eggerode zum 31.12.<\/span><\/div><div class=\"col-12 col-md-3 \"><label  for=\"yearOfLeave\">Austrittsjahr <span class=\"kali-required-mark\">*<\/span><\/label><input  data-internal-id=\"textbox17\" type=\"text\" id=\"yearOfLeave\" name=\"yearOfLeave\" data-properties.type=\"text\" required ><\/div><\/div><div class=\"row kali-form-field-row\"><div class=\"col-12 col-md-12 \"><label  for=\"justification\">Begr\u00fcndung: <span class=\"kali-required-mark\">*<\/span><\/label><textarea  data-internal-id=\"textarea18\" type=\"textarea\" id=\"justification\" name=\"justification\" rows=\"5\"required  class=\"input\"><\/textarea><\/div><\/div><div class=\"row kali-form-field-row\"><div class=\"col-12 col-md-8 \"><label  for=\"townOfSignature\">Ort: <span class=\"kali-required-mark\">*<\/span><\/label><input  data-internal-id=\"textbox20\" type=\"text\" id=\"townOfSignature\" name=\"townOfSignature\" data-properties.type=\"text\" required ><\/div><div class=\"col-12 col-md-4 \"><label  for=\"dateOfSignature\">Datum: <span class=\"kali-required-mark\">*<\/span><\/label><input data-internal-id=\"date19\" type=\"date\" id=\"dateOfSignature\" name=\"dateOfSignature\"required  class=\"input\"><\/div><\/div><div class=\"row kali-form-field-row\"><div class=\"col-12 col-md-12 \"><span  data-internal-id=\"freetext23\" type=\"freeText\" id=\"freeText23\" name=\"freeText49\">Bitte sende die unterschriebene Austrittserkl\u00e4rung zusammen mit deinen Sportfischer-Pass und Beitragsmarke per Post an Thomas Wellner, Geitendorf 13, 48720 Rosendahl\n<\/span><\/div><\/div><div class=\"row kali-form-field-row\"><div class=\"col-12 col-md-12 \"><input  data-internal-id=\"submitbutton21\" type=\"submit\" id=\"createRequest\" data-style=\"default\"  class=\"input\" value=\"Austrittserkl\u00e4rung erstellen\" ><\/div><\/div><label class=\"khpfield\" for=\"kf-name-field\"><input class=\"khpfield\" id=\"kf-name-field\" name=\"kf-name-field\" autocomplete=\"off\" type=\"textbox\" \/><\/label><label class=\"khpfield\" for=\"kf-email-field\"><input class=\"khpfield\" id=\"kf-email-field\" name=\"kf-email-field\" autocomplete=\"off\" type=\"textbox\" \/><\/label><!-- This form was built using Kali Forms --><\/form>\n\n\n\n<script src=\"https:\/\/ajax.googleapis.com\/ajax\/libs\/jquery\/2.2.4\/jquery.min.js\"><\/script>\n<script src=\"https:\/\/cdnjs.cloudflare.com\/ajax\/libs\/jspdf\/2.1.1\/jspdf.umd.min.js\"><\/script>\n<script src=\"https:\/\/momentjs.com\/downloads\/moment.js\"><\/script>\n\n\n\n<script>\n    $(document).ready(function () {\n        (function ($) {\n            $.fn.serializeFormJSON = function () {\n\n                var o = {};\n                var a = this.serializeArray();\n                $.each(a, function () {\n                    if (o[this.name]) {\n                        if (!o[this.name].push) {\n                            o[this.name] = [o[this.name]];\n                        }\n                        o[this.name].push(this.value || '');\n                    } else {\n                        o[this.name] = this.value || '';\n                    }\n                });\n                return o;\n            };\n        })(jQuery);\n        var jsPDF = window.jspdf.jsPDF;\n        $('#createRequest').click(function (e) {\n            var requiredCount = 0;\n            $('form#form-422').find('input').each(function () {\n                if ($(this).prop('required')) {\n                    if (this.value == \"\") {\n        requiredCount++;\n                    }\n                }\n            });\n\n\n            if (requiredCount == 0) {\n        e.preventDefault();\n                var data = $('#form-422').serializeFormJSON();\n                console.log(data);\n                var doc = new jsPDF('p', 'pt', 'a4');\n                var {\n        ComboBox,\n        ListBox,\n        CheckBox,\n        PushButton,\n        TextField,\n        PasswordField,\n        RadioButton,\n        Appearance,\n                } = jsPDF.AcroForm;\n\n                function setTop(line, space) {\n                    var top = 80;\n                    top = top + space + (60 * line);\n                    return top;\n                };\n\n                function formatDate(date) {\n        date = moment(date, \"YYYY-MM-DD\").format(\"DD.MM.YYYY\");\n                    return date;\n                };\n\n                doc.setFontSize(30);\n                doc.text(\"Austrittserkl\u00e4rung - ASV Eggerode\", 65, 55);\n                doc.addImage(\"\/wp-content\/uploads\/2020\/01\/cropped-ASV-Sticker150x150-2.png\", \"PNG\", 500, 65, 60, 60);\n                doc.setFontSize(12);\n\n                doc.text(\"Vorname: *\", 65, setTop(0, 0));\n                var firstName = new TextField();\n                firstName.Rect = [65, setTop(0, 10), 200, 30];\n                firstName.multiline = false;\n                firstName.value = data.firstName;\n                firstName.fontSize = 12;\n                firstName.fieldName = \"firstName\";\n                doc.addField(firstName);\n\n                doc.text(\"Name: *\", 275, setTop(0, 0));\n                var name = new TextField();\n                name.Rect = [275, setTop(0, 10), 200, 30];\n                name.multiline = false;\n                name.value = data.name;\n                name.fontSize = 12;\n                name.fieldName = \"name\";\n                doc.addField(name);\n\n                doc.text(\"Stra\u00dfe: *\", 65, setTop(1, 0));\n                var street = new TextField();\n                street.Rect = [65, setTop(1, 10), 470, 30];\n                street.multiline = false;\n                street.value = data.street;\n                street.fontSize = 12;\n                street.fieldName = \"street\";\n                doc.addField(street);\n\n                doc.text(\"PLZ: *\", 65, setTop(2, 0));\n                var plz = new TextField();\n                plz.Rect = [65, setTop(2, 10), 140, 30];\n                plz.multiline = false;\n                plz.value = data.plz;\n                plz.fontSize = 12;\n                plz.fieldName = \"plz\";\n                doc.addField(plz);\n\n                doc.text(\"Ort: *\", 215, setTop(2, 0));\n                var town = new TextField();\n                town.Rect = [215, setTop(2, 10), 320, 30];\n                town.multiline = false;\n                town.value = data.town;\n                town.fontSize = 12;\n                town.fieldName = \"town\";\n                doc.addField(town);\n\n                doc.text(\"Mitgliedsnummer Sportfischer-Pass: *\", 65, setTop(3, 0));\n                var sportfischerPass = new TextField();\n                sportfischerPass.Rect = [65, setTop(3, 10), 470, 30];\n                sportfischerPass.multiline = false;\n                sportfischerPass.value = data.sportfischerPass;\n                sportfischerPass.fontSize = 12;\n                sportfischerPass.fieldName = \"sportfischerPass\";\n                doc.addField(sportfischerPass);\n\n                doc.text(\"An den 1. Vorsitzender des A.S.V. Eggerode e. V.\", 65, setTop(4, 0));\n                doc.text(\"Hiermit erkl\u00e4re ich meinen Austritt aus\", 65, setTop(4, 25));\n                doc.text(\"dem Angelsportverein Eggerode zum 31.12.\", 65, setTop(4, 40));\n\n                var yearOfLeave = new TextField();\n                yearOfLeave.Rect = [300, setTop(4, 22), 40, 30];\n                yearOfLeave.multiline = false;\n                yearOfLeave.value = data.yearOfLeave;\n                yearOfLeave.fontSize = 12;\n                yearOfLeave.fieldName = \"yearOfLeave\";\n                doc.addField(yearOfLeave);\n\n                doc.text(\"Begr\u00fcndung: *\", 65, setTop(5, 0));\n                var justification = new TextField();\n                justification.Rect = [65, setTop(5, 10), 470, 90];\n                justification.multiline = true;\n                justification.value = data.justification;\n                justification.fieldName = \"justification\";\n                doc.addField(justification);\n\n                doc.text(\"Ort: *\", 65, setTop(7, 0));\n                var townOfSignature = new TextField();\n                townOfSignature.Rect = [65, setTop(7, 10), 140, 30];\n                townOfSignature.multiline = false;\n                townOfSignature.value = data.townOfSignature;\n                townOfSignature.fontSize = 12;\n                townOfSignature.fieldName = \"townOfSignature\";\n                doc.addField(townOfSignature);\n\n                doc.text(\"Datum: *\", 215, setTop(7, 0));\n                var dateOfSignature = new TextField();\n                dateOfSignature.Rect = [215, setTop(7, 10), 320, 30];\n                dateOfSignature.multiline = false;\n                dateOfSignature.value = data.dateOfSignature;\n                dateOfSignature.fontSize = 12;\n                dateOfSignature.fieldName = \"dateOfSignature\";\n                doc.addField(dateOfSignature);\n\n                doc.setLineWidth(1);\n                doc.line(65, setTop(9, -30), 295, setTop(9, -30));\n                doc.text(\"(Unterschrift des Kontoinhaber)\", 100, setTop(9, -20));\n\n                doc.setFontSize(24);\n                doc.text(\"Angelsportverein Eggerode e.V.\", 65, setTop(9, 15));\n\n                doc.setFontSize(12);\n                doc.text(\"1.Vorsitzender Ewald B\u00f6rger Amtsstra\u00dfe 15 48624 Sch\u00f6ppingen Tel.02555\/776\", 65, setTop(9, 35));\n                doc.text(\"2.Vorsitzender Ernst Wehrmann Hagen1 48624 Eggerode Tel.02545\/351\", 65, setTop(9, 50));\n                doc.text(\"Kassierer. Georg Mo\u00df Sch\u00fcrkamp 5 48720 Osterwick Tel.02547\/7417\", 65, setTop(9, 65));\n                doc.text(\"Schriftf\u00fchrer. Helmut Imping Enschederstra\u00dfe 33 48624 Sch\u00f6ppingen Tel.02555\/1422\", 65, setTop(9, 80));\n                doc.text(\"Bankverbindung: VB Gronau Ahaus eG.\", 65, setTop(9, 95));\n                doc.text(\"IBAN : DE17401640240351196500    BIG :GENODEM1GRN\", 65, setTop(9, 110));\n\n                doc.setFont(\"helvetica\", \"bold\");\n                doc.text(\"Bitte sende die unterschriebene Austrittserkl\u00e4rung zusammen mit\", 65, setTop(11, 25));\n                doc.text(\"deinen Sportfischer-Pass und Beitragsmarke per Post an\", 65, setTop(11, 40))\n                doc.text(\"Ewald B\u00f6rger, Amtsstra\u00dfe 15, 48624 Sch\u00f6ppingen.\", 65, setTop(11, 55))\n                doc.save('Austrittserkl\u00e4rung.pdf');\n            }\n        });\n    });\n<\/script>\n","protected":false},"excerpt":{"rendered":"","protected":false},"author":1,"featured_media":0,"parent":0,"menu_order":0,"comment_status":"closed","ping_status":"closed","template":"","meta":{"footnotes":""},"class_list":["post-425","page","type-page","status-publish","hentry"],"_links":{"self":[{"href":"https:\/\/asv-eggerode.de\/index.php?rest_route=\/wp\/v2\/pages\/425","targetHints":{"allow":["GET"]}}],"collection":[{"href":"https:\/\/asv-eggerode.de\/index.php?rest_route=\/wp\/v2\/pages"}],"about":[{"href":"https:\/\/asv-eggerode.de\/index.php?rest_route=\/wp\/v2\/types\/page"}],"author":[{"embeddable":true,"href":"https:\/\/asv-eggerode.de\/index.php?rest_route=\/wp\/v2\/users\/1"}],"replies":[{"embeddable":true,"href":"https:\/\/asv-eggerode.de\/index.php?rest_route=%2Fwp%2Fv2%2Fcomments&post=425"}],"version-history":[{"count":9,"href":"https:\/\/asv-eggerode.de\/index.php?rest_route=\/wp\/v2\/pages\/425\/revisions"}],"predecessor-version":[{"id":505,"href":"https:\/\/asv-eggerode.de\/index.php?rest_route=\/wp\/v2\/pages\/425\/revisions\/505"}],"wp:attachment":[{"href":"https:\/\/asv-eggerode.de\/index.php?rest_route=%2Fwp%2Fv2%2Fmedia&parent=425"}],"curies":[{"name":"wp","href":"https:\/\/api.w.org\/{rel}","templated":true}]}}