{"id":22,"date":"2020-01-19T17:01:32","date_gmt":"2020-01-19T16:01:32","guid":{"rendered":"http:\/\/asv.boergis-fotobox.de\/?page_id=22"},"modified":"2020-12-01T19:50:07","modified_gmt":"2020-12-01T18:50:07","slug":"front-page","status":"publish","type":"page","link":"https:\/\/asv-eggerode.de\/?page_id=22","title":{"rendered":"Aufnahmeantrag"},"content":{"rendered":"<form  class=\"kaliforms-form-container bootstrap-wrapper  \" id=\"form-163\" data-form-id=\"163\" style=\"opacity:0\"><h3>Aufnahmeantrag<\/h3><div id=\"kaliforms-global-error-message-163\" class=\"global-error-message\"><\/div><div class=\"row kali-form-field-row\"><div class=\"col-12 col-md-4 \"><label  for=\"dateOfCreate\">Datum der Antragstellung: <span class=\"kali-required-mark\">*<\/span><\/label><input data-internal-id=\"date2\" type=\"date\" id=\"dateOfCreate\" name=\"dateOfCreate\"required  class=\"input\"><\/div><input  data-internal-id=\"hidden4\" type=\"hidden\" id=\"hidden4e7\" name=\"hidden\" class=\"input\"><\/div><div class=\"row kali-form-field-row\"><div class=\"col-12 col-md-6 \"><label  for=\"firstName\">Vorname: <span class=\"kali-required-mark\">*<\/span><\/label><input  data-internal-id=\"textbox3\" type=\"text\" id=\"firstName\" name=\"firstName\" data-properties.type=\"text\" required ><\/div><div class=\"col-12 col-md-6 \"><label  for=\"name\">Name: <span class=\"kali-required-mark\">*<\/span><\/label><input  data-internal-id=\"textbox1\" type=\"text\" id=\"name\" name=\"name\" data-properties.type=\"text\" required ><\/div><\/div><div class=\"row kali-form-field-row\"><div class=\"col-12 col-md-4 \"><label  for=\"dateOfGB\">Geboren am: <span class=\"kali-required-mark\">*<\/span><\/label><input data-internal-id=\"date5\" type=\"date\" id=\"dateOfGB\" name=\"dateOfGB\"required  class=\"input\"><\/div><div class=\"col-12 col-md-8 \"><label  for=\"townOfGB\">in: <span class=\"kali-required-mark\">*<\/span><\/label><input  data-internal-id=\"textbox6\" type=\"text\" id=\"townOfGB\" name=\"townOfGB\" data-properties.type=\"text\"  placeholder=\"Steinfurt\"required ><\/div><\/div><div class=\"row kali-form-field-row\"><div class=\"col-12 col-md-12 \"><label  for=\"street\">Stra\u00dfe: <span class=\"kali-required-mark\">*<\/span><\/label><input  data-internal-id=\"textbox7\" type=\"text\" id=\"street\" name=\"street\" data-properties.type=\"text\"  placeholder=\"Stra\u00dfe, Hausnummer\"required ><\/div><\/div><div class=\"row kali-form-field-row\"><div class=\"col-12 col-md-3 \"><label  for=\"plz\">PLZ: <span class=\"kali-required-mark\">*<\/span><\/label><input  data-internal-id=\"textbox11\" type=\"number\" id=\"plz\" name=\"plz\" data-properties.type=\"number\" required ><\/div><div class=\"col-12 col-md-9 \"><label  for=\"town\">Ort: <span class=\"kali-required-mark\">*<\/span><\/label><input  data-internal-id=\"textbox9\" type=\"text\" id=\"town\" name=\"town\" data-properties.type=\"text\" required ><\/div><\/div><div class=\"row kali-form-field-row\"><div class=\"col-12 col-md-12 \"><label  for=\"tel\">Telefon-Nr.: <span class=\"kali-required-mark\">*<\/span><\/label><input  data-internal-id=\"textbox12\" type=\"number\" id=\"tel\" name=\"tel\" data-properties.type=\"number\" required ><\/div><\/div><div class=\"row kali-form-field-row\"><div class=\"col-12 col-md-12 \"><label  for=\"job\">Beruf: <span class=\"kali-required-mark\">*<\/span><\/label><input  data-internal-id=\"textbox13\" type=\"text\" id=\"job\" name=\"job\" data-properties.type=\"text\" required ><\/div><\/div><div class=\"row kali-form-field-row\"><div class=\"col-12 col-md-4 \"><label  for=\"dateOfExamination\">Sportfischerpr\u00fcfung abgelegt und bestanden am: <span class=\"kali-required-mark\">*<\/span><\/label><input data-internal-id=\"date14\" type=\"date\" id=\"dateOfExamination\" name=\"dateOfExamination\"required  class=\"input\"><\/div><\/div><div class=\"row kali-form-field-row\"><div class=\"col-12 col-md-8 \"><label  for=\"townOfExamination\">in: <span class=\"kali-required-mark\">*<\/span><\/label><input  data-internal-id=\"textbox15\" type=\"text\" id=\"townOfExamination\" name=\"townOfExamination\" data-properties.type=\"text\"  placeholder=\"Steinfurt\"required ><\/div><\/div><div class=\"row kali-form-field-row\"><div class=\"col-12 col-md-4 \"><label  for=\"dateOfEntry\">Hiermit beantrage ich die Aufnahme in den Angelsportverein Eggerode e.V. mit Wirkung ab dem: <span class=\"kali-required-mark\">*<\/span><\/label><input data-internal-id=\"date16\" type=\"date\" id=\"dateOfEntry\" name=\"dateOfEntry\"required  class=\"input\"><\/div><\/div><div class=\"row kali-form-field-row\"><div class=\"col-12 col-md-12 \"><label class=\"checkbox-label\" style=\"margin-bottom:15px;display:inline-block\">Datenschutz: <span class=\"kali-required-mark\">*<\/span><\/label><label class=\"checkbox-label\"><input  data-internal-id=\"checkbox17\" type=\"checkbox\" id=\"acceptPrivacyPolicy0\" name=\"acceptPrivacyPolicy\" data-flow=\"vertical\" required  class=\"input\"  value=\"Yes\">Ich habe die Hinweise in der Datenschutzordnung gelesen und akzeptiere diese.<\/label><\/div><\/div><div class=\"row kali-form-field-row\"><div class=\"col-12\"><label  for=\"divider18\">Zahlungsinformationen<\/label><hr \/><\/div><\/div><div class=\"row kali-form-field-row\"><div class=\"col-12 col-md-12 \"><label  for=\"bank\">Bank: <span class=\"kali-required-mark\">*<\/span><\/label><input  data-internal-id=\"textbox19\" type=\"text\" id=\"bank\" name=\"bank\" data-properties.type=\"text\" required ><\/div><\/div><div class=\"row kali-form-field-row\"><div class=\"col-12 col-md-12 \"><label  for=\"iban\">IBAN: <span class=\"kali-required-mark\">*<\/span><\/label><input  data-internal-id=\"textbox20\" type=\"text\" id=\"iban\" name=\"iban\" data-properties.type=\"text\"  placeholder=\"DEXX XXXX XXXX XXXX XXXX XX\"required ><\/div><\/div><div class=\"row kali-form-field-row\"><div class=\"col-12 col-md-12 \"><label  for=\"bic\">BIC: <span class=\"kali-required-mark\">*<\/span><\/label><input  data-internal-id=\"textbox21\" type=\"text\" id=\"bic\" name=\"bic\" data-properties.type=\"text\"  placeholder=\"XXXXXXXX\"required ><\/div><\/div><div class=\"row kali-form-field-row\"><div class=\"col-12 col-md-12 \"><input  data-internal-id=\"submitbutton22\" type=\"submit\" id=\"createRequest\" data-style=\"default\"  class=\"input\" value=\"Antrag herunterladen\" ><\/div><\/div><label class=\"khpfield\" for=\"kf-name-field\"><input class=\"khpfield\" id=\"kf-name-field\" name=\"kf-name-field\" autocomplete=\"off\" type=\"textbox\" \/><\/label><label class=\"khpfield\" for=\"kf-email-field\"><input class=\"khpfield\" id=\"kf-email-field\" name=\"kf-email-field\" autocomplete=\"off\" type=\"textbox\" \/><\/label><!-- This form was built using Kali Forms --><\/form>\n\n\n\n<script src=\"https:\/\/ajax.googleapis.com\/ajax\/libs\/jquery\/2.2.4\/jquery.min.js\"><\/script>\n<script src=\"https:\/\/cdnjs.cloudflare.com\/ajax\/libs\/jspdf\/2.1.1\/jspdf.umd.min.js\"><\/script>\n<script src=\"https:\/\/momentjs.com\/downloads\/moment.js\"><\/script>\n\n\n\n<script>\n    $(document).ready(function () {\n        (function ($) {\n            $.fn.serializeFormJSON = function () {\n\n                var o = {};\n                var a = this.serializeArray();\n                $.each(a, function () {\n                    if (o[this.name]) {\n                        if (!o[this.name].push) {\n                            o[this.name] = [o[this.name]];\n                        }\n                        o[this.name].push(this.value || '');\n                    } else {\n                        o[this.name] = this.value || '';\n                    }\n                });\n                return o;\n            };\n        })(jQuery);\n        $('.checkbox-label').each(function () {\n            var text = $(this).html();\n            $(this).html(text.replace('Datenschutzordnung', '<a href=\"https:\/\/asv-eggerode.de\/?page_id=3\" target=\"_parent\">Datenschutzordnung<\/a>'));\n        });\n\n        var jsPDF = window.jspdf.jsPDF;\n        $('#createRequest').click(function (e) {\n            var requiredCount = 0;\n            $('form#form-163').find('input').each(function () {\n                if ($(this).prop('required')) {\n                    if (this.value == \"\") {\n                        requiredCount++;\n                    }\n                }\n            });\n            \n\n            if (requiredCount == 0) {\n                e.preventDefault();\n                var data = $('#form-163').serializeFormJSON();\n                console.log(data);\n                var doc = new jsPDF('p', 'pt', 'a4');\n                var {\n                    ComboBox,\n                    ListBox,\n                    CheckBox,\n                    PushButton,\n                    TextField,\n                    PasswordField,\n                    RadioButton,\n                    Appearance,\n                } = jsPDF.AcroForm;\n\n                function setTop(line, space) {\n                    var top = 80;\n                    top = top + space + (60 * line);\n                    return top;\n                };\n\n                function formatDate(date) {\n                    date = moment(date, \"YYYY-MM-DD\").format(\"DD.MM.YYYY\");\n                    return date;\n                };\n\n                doc.setFontSize(30);\n                doc.text(\"Aufnahmeantrag - ASV Eggerode\", 65, 55);\n                doc.addImage(\"\/wp-content\/uploads\/2020\/01\/cropped-ASV-Sticker150x150-2.png\", \"PNG\", 500, 65, 60, 60);\n                doc.setFontSize(12);\n\n                doc.text(\"Datum der Antragstellung: *\", 65, setTop(0, 0));\n                var dateOfCreate = new TextField();\n                dateOfCreate.Rect = [65, setTop(0, 10), 140, 30];\n                dateOfCreate.multiline = false;\n                dateOfCreate.value = formatDate(data.dateOfCreate);\n                dateOfCreate.fontSize = 12;\n                dateOfCreate.fieldName = \"dateOfCreate\";\n                doc.addField(dateOfCreate);\n\n                doc.text(\"Vorname: *\", 65, setTop(1, 0));\n                var firstName = new TextField();\n                firstName.Rect = [65, setTop(1, 10), 230, 30];\n                firstName.multiline = false;\n                firstName.value = data.firstName;\n                firstName.fontSize = 12;\n                firstName.fieldName = \"firstName\";\n                doc.addField(firstName);\n\n                doc.text(\"Name: *\", 305, setTop(1, 0));\n                var name = new TextField();\n                name.Rect = [305, setTop(1, 10), 230, 30];\n                name.multiline = false;\n                name.value = data.name;\n                name.fontSize = 12;\n                name.fieldName = \"name\";\n                doc.addField(name);\n\n                doc.text(\"Geboren am: *\", 65, setTop(2, 0));\n                var dateOfGB = new TextField();\n                dateOfGB.Rect = [65, setTop(2, 10), 140, 30];\n                dateOfGB.multiline = false;\n                dateOfGB.value = formatDate(data.dateOfGB);\n                dateOfGB.fontSize = 12;\n                dateOfGB.fieldName = \"dateOfGB\";\n                doc.addField(dateOfGB);\n\n                doc.text(\"in: *\", 215, setTop(2, 0));\n                var townOfGB = new TextField();\n                townOfGB.Rect = [215, setTop(2, 10), 320, 30];\n                townOfGB.multiline = false;\n                townOfGB.value = data.townOfGB;\n                townOfGB.fontSize = 12;\n                townOfGB.fieldName = \"townOfGB\";\n                doc.addField(townOfGB);\n\n                doc.text(\"Stra\u00dfe: *\", 65, setTop(3, 0));\n                var street = new TextField();\n                street.Rect = [65, setTop(3, 10), 470, 30];\n                street.multiline = false;\n                street.value = data.street;\n                street.fontSize = 12;\n                street.fieldName = \"street\";\n                doc.addField(street);\n\n                doc.text(\"PLZ: *\", 65, setTop(4, 0));\n                var plz = new TextField();\n                plz.Rect = [65, setTop(4, 10), 140, 30];\n                plz.multiline = false;\n                plz.value = data.plz;\n                plz.fontSize = 12;\n                plz.fieldName = \"plz\";\n                doc.addField(plz);\n\n                doc.text(\"Ort: *\", 215, setTop(4, 0));\n                var town = new TextField();\n                town.Rect = [215, setTop(4, 10), 320, 30];\n                town.multiline = false;\n                town.value = data.town;\n                town.fontSize = 12;\n                town.fieldName = \"town\";\n                doc.addField(town);\n\n                doc.text(\"Telfon-Nr.: *\", 65, setTop(5, 0));\n                var tel = new TextField();\n                tel.Rect = [65, setTop(5, 10), 470, 30];\n                tel.multiline = false;\n                tel.value = data.tel;\n                tel.fontSize = 12;\n                tel.fieldName = \"tel\";\n                doc.addField(tel);\n\n                doc.text(\"Beruf: *\", 65, setTop(6, 0));\n                var job = new TextField();\n                job.Rect = [65, setTop(6, 10), 470, 30];\n                job.multiline = false;\n                job.value = data.job;\n                job.fontSize = 12;\n                job.fieldName = \"job\";\n                doc.addField(job);\n\n                doc.text(\"Sportfischerpr\u00fcfung abgelegt und bestanden am: *\", 65, setTop(7, 0));\n                var dateOfExamination = new TextField();\n                dateOfExamination.Rect = [65, setTop(7, 10), 140, 30];\n                dateOfExamination.multiline = false;\n                dateOfExamination.value = formatDate(data.dateOfExamination);\n                dateOfExamination.fontSize = 12;\n                dateOfExamination.fieldName = \"dateOfExamination\";\n                doc.addField(dateOfExamination);\n\n                doc.text(\"in: *\", 65, setTop(8, 0));\n                var townOfExamination = new TextField();\n                townOfExamination.Rect = [65, setTop(8, 10), 470, 30];\n                townOfExamination.multiline = false;\n                townOfExamination.value = data.townOfExamination;\n                townOfExamination.fontSize = 12;\n                townOfExamination.fieldName = \"townOfExamination\";\n                doc.addField(townOfExamination);\n\n                doc.text(\"Hiermit beantrage ich die Aufnahme in den\", 65, setTop(9, 0));\n                doc.text(\"Angelsportverein Eggerode e.V. mit Wirkung ab dem: *\", 65, setTop(9, 15));\n                var dateOfEntry = new TextField();\n                dateOfEntry.Rect = [395, setTop(9, -10), 140, 30];\n                dateOfEntry.multiline = false;\n                dateOfEntry.value = formatDate(data.dateOfEntry);\n                dateOfEntry.fontSize = 12;\n                dateOfEntry.fieldName = \"dateOfEntry\";\n                doc.addField(dateOfEntry);\n\n                doc.text(\"Ich habe die Hinweise in der\", 105, setTop(10, 0));\n                doc.textWithLink(\"Datenschutzordnung\", 260, setTop(10, 0), { url: 'https:\/\/asv-eggerode.de\/?page_id=3' });\n                doc.text(\"gelesen und akzeptiere diese.:\", 105, setTop(10, 15));\n                var acceptPrivacyPolicy = new CheckBox();\n                acceptPrivacyPolicy.fontSize = 20;\n                if (data.acceptPrivacyPolicy == \"Yes\") {\n                    acceptPrivacyPolicy.appearanceState = 'On';\n                } else {\n                    acceptPrivacyPolicy.appearanceState = 'Off';\n                }\n                acceptPrivacyPolicy.fieldName = \"acceptPrivacyPolicy\";\n                acceptPrivacyPolicy.Rect = [65, setTop(10, -10), 30, 30];\n                doc.addField(acceptPrivacyPolicy);\n\n                doc.setLineWidth(1);\n                doc.line(300, setTop(12, -30), 530, setTop(12, -30));\n                doc.text(\"(Unterschrift)\", 150, setTop(12, -20));\n\n                doc.setLineWidth(1);\n                doc.line(65, setTop(12, -30), 295, setTop(12, -30));\n                doc.text(\"(Unterschrift)\", 380, setTop(12, -20));\n                doc.text(\"bei Minderj\u00e4hrigen auch die\", 340, setTop(12, -5));\n                doc.text(\"Unterschrift des Erziehungsberechtigten\", 310, setTop(12, 10))\n\n                doc.addPage();\n                doc.setFontSize(30);\n                doc.text(\"SEPA-Lastschriftmandat\", 65, 55);\n                doc.setFontSize(12);\n                doc.text(\"Erm\u00e4chtigung zum Einzug von Forderungen mittels Lastschrift:\", 65, setTop(1, 0));\n                doc.text(\"Hiermit bevollm\u00e4chtige ich den ASV Eggerode e.V. die\", 65, setTop(1, 25));\n                doc.text(\"Geb\u00fchren u. Beitr\u00e4ge von meinen\/unseren Konto abzubuchen.\", 65, setTop(1, 40));\n\n                doc.text(\"Bank:\", 65, setTop(2, 0));\n                var bank = new TextField();\n                bank.Rect = [65, setTop(2, 10), 470, 30];\n                bank.multiline = false;\n                bank.value = data.bank;\n                bank.fontSize = 12;\n                bank.fieldName = \"bank\";\n                doc.addField(bank);\n\n                doc.text(\"IBAN:\", 65, setTop(3, 0));\n                var iban = new TextField();\n                iban.Rect = [65, setTop(3, 10), 470, 30];\n                iban.multiline = false;\n                iban.value = data.iban;\n                iban.fontSize = 12;\n                iban.fieldName = \"iban\";\n                doc.addField(iban);\n\n                doc.text(\"BIC:\", 65, setTop(4, 0));\n                var bic = new TextField();\n                bic.Rect = [65, setTop(4, 10), 470, 30];\n                bic.multiline = false;\n                bic.value = data.bic;\n                bic.fontSize = 12;\n                bic.fieldName = \"bic\";\n                doc.addField(bic);\n\n                doc.text(\"Sollte mein Konto keine Deckung aufweisen, besteht seitens des\", 65, setTop(5, 0));\n                doc.text(\"kontof\u00fchrenden Institutes keine Verpflichtung zur Einl\u00f6sung. Teileinl\u00f6sungen\", 65, setTop(5, 15));\n                doc.text(\"werden nicht vorgenommen.\", 65, setTop(5, 30));\n\n                doc.setLineWidth(1);\n                doc.line(65, setTop(7, -30), 295, setTop(7, -30));\n                doc.text(\"(Unterschrift des Kontoinhaber)\", 100, setTop(7, -20));\n\n\n                doc.setFontSize(24);\n                doc.text(\"Angelsportverein Eggerode e.V.\", 65, setTop(8, 0));\n\n                doc.setFontSize(12);\n                doc.text(\"1.Vorsitzender Ewald B\u00f6rger Amtsstra\u00dfe 15 48624 Sch\u00f6ppingen Tel.02555\/776\", 65, setTop(9, 0));\n                doc.text(\"2.Vorsitzender Ernst Wehrmann Hagen1 48624 Eggerode Tel.02545\/351\", 65, setTop(9, 15));\n                doc.text(\"Kassierer. Georg Mo\u00df Sch\u00fcrkamp 5 48720 Osterwick Tel.02547\/7417\", 65, setTop(9, 30));\n                doc.text(\"Schriftf\u00fchrer. Helmut Imping Enschederstra\u00dfe 33 48624 Sch\u00f6ppingen Tel.02555\/1422\", 65, setTop(9, 45));\n                doc.text(\"Bankverbindung: VB Gronau Ahaus eG.\", 65, setTop(9, 60));\n                doc.text(\"IBAN : DE17401640240351196500    BIG :GENODEM1GRN\", 65, setTop(9, 75));\n\n                doc.text(\"Bitte sende uns den Antrag und auch ein Passfoto per Post \/ Email oder \u00fcber\", 65, setTop(11, 0));\n                doc.textWithLink(\"https:\/\/asv-eggerode.de\/\", 65, setTop(11, 15), { url: 'https:\/\/asv-eggerode.de\/?page_id=317' });\n                doc.text(\"zu.\", 197, setTop(11, 15));\n                doc.text(\"Anschrift: Ewald B\u00f6rger, Amtsstra\u00dfe 15, 48624 Sch\u00f6ppingen\", 65, setTop(11, 30));\n                doc.text(\"Email: ewald.boerger@t-online.de\", 65, setTop(11, 45));\n\n                var acceptPrivacyPolicyCheck = $('#acceptPrivacyPolicy0');\n                if (!acceptPrivacyPolicyCheck.is(\":checked\")){\n                    alert(\"Bitte akzeptieren Sie unsere Datenschutzordnung!\");\n                } else {\n                    doc.save('Aufnahmeantrag.pdf');\n                }\n            }\n        });\n    });\n<\/script>\n","protected":false},"excerpt":{"rendered":"","protected":false},"author":1,"featured_media":0,"parent":0,"menu_order":0,"comment_status":"closed","ping_status":"closed","template":"","meta":{"footnotes":""},"class_list":["post-22","page","type-page","status-publish","hentry"],"_links":{"self":[{"href":"https:\/\/asv-eggerode.de\/index.php?rest_route=\/wp\/v2\/pages\/22","targetHints":{"allow":["GET"]}}],"collection":[{"href":"https:\/\/asv-eggerode.de\/index.php?rest_route=\/wp\/v2\/pages"}],"about":[{"href":"https:\/\/asv-eggerode.de\/index.php?rest_route=\/wp\/v2\/types\/page"}],"author":[{"embeddable":true,"href":"https:\/\/asv-eggerode.de\/index.php?rest_route=\/wp\/v2\/users\/1"}],"replies":[{"embeddable":true,"href":"https:\/\/asv-eggerode.de\/index.php?rest_route=%2Fwp%2Fv2%2Fcomments&post=22"}],"version-history":[{"count":124,"href":"https:\/\/asv-eggerode.de\/index.php?rest_route=\/wp\/v2\/pages\/22\/revisions"}],"predecessor-version":[{"id":506,"href":"https:\/\/asv-eggerode.de\/index.php?rest_route=\/wp\/v2\/pages\/22\/revisions\/506"}],"wp:attachment":[{"href":"https:\/\/asv-eggerode.de\/index.php?rest_route=%2Fwp%2Fv2%2Fmedia&parent=22"}],"curies":[{"name":"wp","href":"https:\/\/api.w.org\/{rel}","templated":true}]}}